{"id":170,"date":"2022-07-12T23:07:27","date_gmt":"2022-07-12T20:07:27","guid":{"rendered":"https:\/\/www.teksangroup.com\/?page_id=170"},"modified":"2022-07-23T10:47:23","modified_gmt":"2022-07-23T07:47:23","slug":"piller","status":"publish","type":"page","link":"https:\/\/www.teksangroup.com\/en\/piller","title":{"rendered":"Batteries"},"content":{"rendered":"<div data-elementor-type=\"wp-page\" data-elementor-id=\"170\" class=\"elementor elementor-170\" data-elementor-post-type=\"page\">\n\t\t\t\t\t\t<section class=\"elementor-section elementor-top-section elementor-element elementor-element-7d50a42 elementor-section-boxed elementor-section-height-default elementor-section-height-default\" data-id=\"7d50a42\" data-element_type=\"section\">\n\t\t\t\t\t\t<div class=\"elementor-container elementor-column-gap-default\">\n\t\t\t\t\t<div class=\"elementor-column elementor-col-33 elementor-top-column elementor-element elementor-element-5eaec84\" data-id=\"5eaec84\" data-element_type=\"column\">\n\t\t\t<div class=\"elementor-widget-wrap elementor-element-populated\">\n\t\t\t\t\t\t<div class=\"elementor-element elementor-element-da30ddf elementor-position-top elementor-widget elementor-widget-image-box\" data-id=\"da30ddf\" data-element_type=\"widget\" data-widget_type=\"image-box.default\">\n\t\t\t\t<div class=\"elementor-widget-container\">\n\t\t\t\t\t<div class=\"elementor-image-box-wrapper\"><figure class=\"elementor-image-box-img\"><img fetchpriority=\"high\" decoding=\"async\" width=\"1080\" height=\"1396\" src=\"https:\/\/www.teksangroup.com\/info\/1-UZUN-OMURLU-EKONOMIK-4LU-BLISTER-ALKALIN-KALEM-PIL-1.png\" class=\"attachment-full size-full wp-image-367\" alt=\"\" srcset=\"https:\/\/www.teksangroup.com\/info\/1-UZUN-OMURLU-EKONOMIK-4LU-BLISTER-ALKALIN-KALEM-PIL-1.png 1080w, https:\/\/www.teksangroup.com\/info\/1-UZUN-OMURLU-EKONOMIK-4LU-BLISTER-ALKALIN-KALEM-PIL-1-232x300.png 232w, https:\/\/www.teksangroup.com\/info\/1-UZUN-OMURLU-EKONOMIK-4LU-BLISTER-ALKALIN-KALEM-PIL-1-792x1024.png 792w, https:\/\/www.teksangroup.com\/info\/1-UZUN-OMURLU-EKONOMIK-4LU-BLISTER-ALKALIN-KALEM-PIL-1-768x993.png 768w\" sizes=\"(max-width: 1080px) 100vw, 1080px\" \/><\/figure><div class=\"elementor-image-box-content\"><p class=\"elementor-image-box-description\">UZUN \u00d6M\u00dcRL\u00dc EKONOM\u0130K 4'L\u00dc BLISTER ALKAL\u0130N KALEM P\u0130L<\/p><\/div><\/div>\t\t\t\t<\/div>\n\t\t\t\t<\/div>\n\t\t\t\t\t<\/div>\n\t\t<\/div>\n\t\t\t\t<div class=\"elementor-column elementor-col-33 elementor-top-column elementor-element elementor-element-f11a90e\" data-id=\"f11a90e\" data-element_type=\"column\">\n\t\t\t<div class=\"elementor-widget-wrap elementor-element-populated\">\n\t\t\t\t\t\t<div class=\"elementor-element elementor-element-ea24818 elementor-position-top elementor-widget elementor-widget-image-box\" data-id=\"ea24818\" data-element_type=\"widget\" data-widget_type=\"image-box.default\">\n\t\t\t\t<div class=\"elementor-widget-container\">\n\t\t\t\t\t<div class=\"elementor-image-box-wrapper\"><figure class=\"elementor-image-box-img\"><img decoding=\"async\" width=\"1080\" height=\"1396\" src=\"https:\/\/www.teksangroup.com\/info\/2-UZUN-OMURLU-EKONOMIK-4LU-BLISTER-ALKALIN-INCE-PIL-1.png\" class=\"attachment-full size-full wp-image-368\" alt=\"\" srcset=\"https:\/\/www.teksangroup.com\/info\/2-UZUN-OMURLU-EKONOMIK-4LU-BLISTER-ALKALIN-INCE-PIL-1.png 1080w, https:\/\/www.teksangroup.com\/info\/2-UZUN-OMURLU-EKONOMIK-4LU-BLISTER-ALKALIN-INCE-PIL-1-232x300.png 232w, https:\/\/www.teksangroup.com\/info\/2-UZUN-OMURLU-EKONOMIK-4LU-BLISTER-ALKALIN-INCE-PIL-1-792x1024.png 792w, https:\/\/www.teksangroup.com\/info\/2-UZUN-OMURLU-EKONOMIK-4LU-BLISTER-ALKALIN-INCE-PIL-1-768x993.png 768w\" sizes=\"(max-width: 1080px) 100vw, 1080px\" \/><\/figure><div class=\"elementor-image-box-content\"><p class=\"elementor-image-box-description\">UZUN \u00d6M\u00dcRL\u00dc EKONOM\u0130K 4'L\u00dc-BLISTER ALKAL\u0130N \u0130NCE P\u0130L<\/p><\/div><\/div>\t\t\t\t<\/div>\n\t\t\t\t<\/div>\n\t\t\t\t\t<\/div>\n\t\t<\/div>\n\t\t\t\t<div class=\"elementor-column elementor-col-33 elementor-top-column elementor-element elementor-element-f830a1c\" data-id=\"f830a1c\" data-element_type=\"column\">\n\t\t\t<div class=\"elementor-widget-wrap elementor-element-populated\">\n\t\t\t\t\t\t<div class=\"elementor-element elementor-element-a9c4057 elementor-position-top elementor-widget elementor-widget-image-box\" data-id=\"a9c4057\" data-element_type=\"widget\" data-widget_type=\"image-box.default\">\n\t\t\t\t<div class=\"elementor-widget-container\">\n\t\t\t\t\t<div class=\"elementor-image-box-wrapper\"><figure class=\"elementor-image-box-img\"><img decoding=\"async\" width=\"1080\" height=\"1396\" src=\"https:\/\/www.teksangroup.com\/info\/3-UZUN-OMURLU-EKONOMIK-2LI-ORTA-PIL-C-SIZE-BLISTER-ALKALIN-PIL-1.png\" class=\"attachment-full size-full wp-image-369\" alt=\"\" srcset=\"https:\/\/www.teksangroup.com\/info\/3-UZUN-OMURLU-EKONOMIK-2LI-ORTA-PIL-C-SIZE-BLISTER-ALKALIN-PIL-1.png 1080w, https:\/\/www.teksangroup.com\/info\/3-UZUN-OMURLU-EKONOMIK-2LI-ORTA-PIL-C-SIZE-BLISTER-ALKALIN-PIL-1-232x300.png 232w, https:\/\/www.teksangroup.com\/info\/3-UZUN-OMURLU-EKONOMIK-2LI-ORTA-PIL-C-SIZE-BLISTER-ALKALIN-PIL-1-792x1024.png 792w, https:\/\/www.teksangroup.com\/info\/3-UZUN-OMURLU-EKONOMIK-2LI-ORTA-PIL-C-SIZE-BLISTER-ALKALIN-PIL-1-768x993.png 768w\" sizes=\"(max-width: 1080px) 100vw, 1080px\" \/><\/figure><div class=\"elementor-image-box-content\"><p class=\"elementor-image-box-description\">UZUN \u00d6M\u00dcRL\u00dc EKONOM\u0130K 2'L\u0130 ORTA P\u0130L C SIZE BLISTER ALKAL\u0130N P\u0130L<\/p><\/div><\/div>\t\t\t\t<\/div>\n\t\t\t\t<\/div>\n\t\t\t\t\t<\/div>\n\t\t<\/div>\n\t\t\t\t\t<\/div>\n\t\t<\/section>\n\t\t\t\t<section class=\"elementor-section elementor-top-section elementor-element elementor-element-6b13914 elementor-section-boxed elementor-section-height-default elementor-section-height-default\" data-id=\"6b13914\" data-element_type=\"section\">\n\t\t\t\t\t\t<div class=\"elementor-container elementor-column-gap-default\">\n\t\t\t\t\t<div class=\"elementor-column elementor-col-33 elementor-top-column elementor-element elementor-element-f1ac476\" data-id=\"f1ac476\" data-element_type=\"column\">\n\t\t\t<div class=\"elementor-widget-wrap elementor-element-populated\">\n\t\t\t\t\t\t<div class=\"elementor-element elementor-element-8f4a0e2 elementor-position-top elementor-widget elementor-widget-image-box\" data-id=\"8f4a0e2\" data-element_type=\"widget\" data-widget_type=\"image-box.default\">\n\t\t\t\t<div class=\"elementor-widget-container\">\n\t\t\t\t\t<div class=\"elementor-image-box-wrapper\"><figure class=\"elementor-image-box-img\"><img loading=\"lazy\" decoding=\"async\" width=\"1080\" height=\"1396\" src=\"https:\/\/www.teksangroup.com\/info\/4-UZUN-OMURLU-EKONOMIK-2LI-BUYUK-PIL-D-SIZE-BLISTER-ALKALIN-PIL-1.png\" class=\"attachment-full size-full wp-image-370\" alt=\"\" srcset=\"https:\/\/www.teksangroup.com\/info\/4-UZUN-OMURLU-EKONOMIK-2LI-BUYUK-PIL-D-SIZE-BLISTER-ALKALIN-PIL-1.png 1080w, https:\/\/www.teksangroup.com\/info\/4-UZUN-OMURLU-EKONOMIK-2LI-BUYUK-PIL-D-SIZE-BLISTER-ALKALIN-PIL-1-232x300.png 232w, https:\/\/www.teksangroup.com\/info\/4-UZUN-OMURLU-EKONOMIK-2LI-BUYUK-PIL-D-SIZE-BLISTER-ALKALIN-PIL-1-792x1024.png 792w, https:\/\/www.teksangroup.com\/info\/4-UZUN-OMURLU-EKONOMIK-2LI-BUYUK-PIL-D-SIZE-BLISTER-ALKALIN-PIL-1-768x993.png 768w\" sizes=\"(max-width: 1080px) 100vw, 1080px\" \/><\/figure><div class=\"elementor-image-box-content\"><p class=\"elementor-image-box-description\">UZUN \u00d6M\u00dcRL\u00dc EKONOM\u0130K 2'L\u0130 B\u00dcY\u00dcK P\u0130L D SIZE BLISTER ALKAL\u0130N P\u0130L<\/p><\/div><\/div>\t\t\t\t<\/div>\n\t\t\t\t<\/div>\n\t\t\t\t\t<\/div>\n\t\t<\/div>\n\t\t\t\t<div class=\"elementor-column elementor-col-33 elementor-top-column elementor-element elementor-element-225fa0b\" data-id=\"225fa0b\" data-element_type=\"column\">\n\t\t\t<div class=\"elementor-widget-wrap elementor-element-populated\">\n\t\t\t\t\t\t<div class=\"elementor-element elementor-element-567a4bf elementor-position-top elementor-widget elementor-widget-image-box\" data-id=\"567a4bf\" data-element_type=\"widget\" data-widget_type=\"image-box.default\">\n\t\t\t\t<div class=\"elementor-widget-container\">\n\t\t\t\t\t<div class=\"elementor-image-box-wrapper\"><figure class=\"elementor-image-box-img\"><img loading=\"lazy\" decoding=\"async\" width=\"1080\" height=\"1396\" src=\"https:\/\/www.teksangroup.com\/info\/5-UZUN-OMURLU-EKONOMIK-1LI-9V-BLISTER-ALKALIN-PIL-1.png\" class=\"attachment-full size-full wp-image-371\" alt=\"\" srcset=\"https:\/\/www.teksangroup.com\/info\/5-UZUN-OMURLU-EKONOMIK-1LI-9V-BLISTER-ALKALIN-PIL-1.png 1080w, https:\/\/www.teksangroup.com\/info\/5-UZUN-OMURLU-EKONOMIK-1LI-9V-BLISTER-ALKALIN-PIL-1-232x300.png 232w, https:\/\/www.teksangroup.com\/info\/5-UZUN-OMURLU-EKONOMIK-1LI-9V-BLISTER-ALKALIN-PIL-1-792x1024.png 792w, https:\/\/www.teksangroup.com\/info\/5-UZUN-OMURLU-EKONOMIK-1LI-9V-BLISTER-ALKALIN-PIL-1-768x993.png 768w\" sizes=\"(max-width: 1080px) 100vw, 1080px\" \/><\/figure><div class=\"elementor-image-box-content\"><p class=\"elementor-image-box-description\">UZUN \u00d6M\u00dcRL\u00dc EKONOM\u0130K 1'L\u0130 9V BLISTER ALKAL\u0130N P\u0130L<\/p><\/div><\/div>\t\t\t\t<\/div>\n\t\t\t\t<\/div>\n\t\t\t\t\t<\/div>\n\t\t<\/div>\n\t\t\t\t<div class=\"elementor-column elementor-col-33 elementor-top-column elementor-element elementor-element-d1fdaf4\" data-id=\"d1fdaf4\" data-element_type=\"column\">\n\t\t\t<div class=\"elementor-widget-wrap elementor-element-populated\">\n\t\t\t\t\t\t<div class=\"elementor-element elementor-element-7c948df elementor-position-top elementor-widget elementor-widget-image-box\" data-id=\"7c948df\" data-element_type=\"widget\" data-widget_type=\"image-box.default\">\n\t\t\t\t<div class=\"elementor-widget-container\">\n\t\t\t\t\t<div class=\"elementor-image-box-wrapper\"><figure class=\"elementor-image-box-img\"><img loading=\"lazy\" decoding=\"async\" width=\"1175\" height=\"1396\" src=\"https:\/\/www.teksangroup.com\/info\/6-UZUN-OMURLU-EKONOMIK-4LU-ALKALIN-SHRINK-KALEM-INCE-PIL-1.png\" class=\"attachment-full size-full wp-image-372\" alt=\"\" srcset=\"https:\/\/www.teksangroup.com\/info\/6-UZUN-OMURLU-EKONOMIK-4LU-ALKALIN-SHRINK-KALEM-INCE-PIL-1.png 1175w, https:\/\/www.teksangroup.com\/info\/6-UZUN-OMURLU-EKONOMIK-4LU-ALKALIN-SHRINK-KALEM-INCE-PIL-1-253x300.png 253w, https:\/\/www.teksangroup.com\/info\/6-UZUN-OMURLU-EKONOMIK-4LU-ALKALIN-SHRINK-KALEM-INCE-PIL-1-862x1024.png 862w, https:\/\/www.teksangroup.com\/info\/6-UZUN-OMURLU-EKONOMIK-4LU-ALKALIN-SHRINK-KALEM-INCE-PIL-1-768x912.png 768w\" sizes=\"(max-width: 1175px) 100vw, 1175px\" \/><\/figure><div class=\"elementor-image-box-content\"><p class=\"elementor-image-box-description\">UZUN \u00d6M\u00dcRL\u00dc EKONOM\u0130K 4'L\u00dc ALKAL\u0130N SHRINK KALEM \u0130NCE P\u0130L<\/p><\/div><\/div>\t\t\t\t<\/div>\n\t\t\t\t<\/div>\n\t\t\t\t\t<\/div>\n\t\t<\/div>\n\t\t\t\t\t<\/div>\n\t\t<\/section>\n\t\t\t\t<section class=\"elementor-section elementor-top-section elementor-element elementor-element-4c55524 elementor-section-boxed elementor-section-height-default elementor-section-height-default\" data-id=\"4c55524\" data-element_type=\"section\">\n\t\t\t\t\t\t<div class=\"elementor-container elementor-column-gap-default\">\n\t\t\t\t\t<div class=\"elementor-column elementor-col-33 elementor-top-column elementor-element elementor-element-bfa1d08\" data-id=\"bfa1d08\" data-element_type=\"column\">\n\t\t\t<div class=\"elementor-widget-wrap elementor-element-populated\">\n\t\t\t\t\t\t<div class=\"elementor-element elementor-element-a4fb08a elementor-position-top elementor-widget elementor-widget-image-box\" data-id=\"a4fb08a\" data-element_type=\"widget\" data-widget_type=\"image-box.default\">\n\t\t\t\t<div class=\"elementor-widget-container\">\n\t\t\t\t\t<div class=\"elementor-image-box-wrapper\"><figure class=\"elementor-image-box-img\"><img loading=\"lazy\" decoding=\"async\" width=\"1600\" height=\"1272\" src=\"https:\/\/www.teksangroup.com\/info\/7-UZUN-OMURLU-EKONOMIK-CINKOKARBON-KALEM-PIL-1.png\" class=\"attachment-full size-full wp-image-373\" alt=\"\" srcset=\"https:\/\/www.teksangroup.com\/info\/7-UZUN-OMURLU-EKONOMIK-CINKOKARBON-KALEM-PIL-1.png 1600w, https:\/\/www.teksangroup.com\/info\/7-UZUN-OMURLU-EKONOMIK-CINKOKARBON-KALEM-PIL-1-300x239.png 300w, https:\/\/www.teksangroup.com\/info\/7-UZUN-OMURLU-EKONOMIK-CINKOKARBON-KALEM-PIL-1-1024x814.png 1024w, https:\/\/www.teksangroup.com\/info\/7-UZUN-OMURLU-EKONOMIK-CINKOKARBON-KALEM-PIL-1-768x611.png 768w, https:\/\/www.teksangroup.com\/info\/7-UZUN-OMURLU-EKONOMIK-CINKOKARBON-KALEM-PIL-1-1536x1221.png 1536w\" sizes=\"(max-width: 1600px) 100vw, 1600px\" \/><\/figure><div class=\"elementor-image-box-content\"><p class=\"elementor-image-box-description\">UZUN \u00d6M\u00dcRL\u00dc EKONOM\u0130K \u00c7\u0130NKOKARBON KALEM P\u0130L<\/p><\/div><\/div>\t\t\t\t<\/div>\n\t\t\t\t<\/div>\n\t\t\t\t\t<\/div>\n\t\t<\/div>\n\t\t\t\t<div class=\"elementor-column elementor-col-33 elementor-top-column elementor-element elementor-element-64ca7af\" data-id=\"64ca7af\" data-element_type=\"column\">\n\t\t\t<div class=\"elementor-widget-wrap elementor-element-populated\">\n\t\t\t\t\t\t<div class=\"elementor-element elementor-element-263e55c elementor-position-top elementor-widget elementor-widget-image-box\" data-id=\"263e55c\" data-element_type=\"widget\" data-widget_type=\"image-box.default\">\n\t\t\t\t<div class=\"elementor-widget-container\">\n\t\t\t\t\t<div class=\"elementor-image-box-wrapper\"><figure class=\"elementor-image-box-img\"><img loading=\"lazy\" decoding=\"async\" width=\"1600\" height=\"1272\" src=\"https:\/\/www.teksangroup.com\/info\/8-UZUN-OMURLU-EKONOMIK-CINKOKARBON-INCE-PIL-1.png\" class=\"attachment-full size-full wp-image-374\" alt=\"\" srcset=\"https:\/\/www.teksangroup.com\/info\/8-UZUN-OMURLU-EKONOMIK-CINKOKARBON-INCE-PIL-1.png 1600w, https:\/\/www.teksangroup.com\/info\/8-UZUN-OMURLU-EKONOMIK-CINKOKARBON-INCE-PIL-1-300x239.png 300w, https:\/\/www.teksangroup.com\/info\/8-UZUN-OMURLU-EKONOMIK-CINKOKARBON-INCE-PIL-1-1024x814.png 1024w, https:\/\/www.teksangroup.com\/info\/8-UZUN-OMURLU-EKONOMIK-CINKOKARBON-INCE-PIL-1-768x611.png 768w, https:\/\/www.teksangroup.com\/info\/8-UZUN-OMURLU-EKONOMIK-CINKOKARBON-INCE-PIL-1-1536x1221.png 1536w\" sizes=\"(max-width: 1600px) 100vw, 1600px\" \/><\/figure><div class=\"elementor-image-box-content\"><p class=\"elementor-image-box-description\">UZUN \u00d6M\u00dcRL\u00dc EKONOM\u0130K \u00c7\u0130NKOKARBON \n \u0130NCE P\u0130L<\/p><\/div><\/div>\t\t\t\t<\/div>\n\t\t\t\t<\/div>\n\t\t\t\t\t<\/div>\n\t\t<\/div>\n\t\t\t\t<div class=\"elementor-column elementor-col-33 elementor-top-column elementor-element elementor-element-4b597c1\" data-id=\"4b597c1\" data-element_type=\"column\">\n\t\t\t<div class=\"elementor-widget-wrap elementor-element-populated\">\n\t\t\t\t\t\t<div class=\"elementor-element elementor-element-37561ab elementor-position-top elementor-widget elementor-widget-image-box\" data-id=\"37561ab\" data-element_type=\"widget\" data-widget_type=\"image-box.default\">\n\t\t\t\t<div class=\"elementor-widget-container\">\n\t\t\t\t\t<div class=\"elementor-image-box-wrapper\"><figure class=\"elementor-image-box-img\"><img loading=\"lazy\" decoding=\"async\" width=\"1600\" height=\"1272\" src=\"https:\/\/www.teksangroup.com\/info\/9-UZUN-OMURLU-EKONOMIK-CINKOKARBON-9V-PIL-1.png\" class=\"attachment-full size-full wp-image-375\" alt=\"\" srcset=\"https:\/\/www.teksangroup.com\/info\/9-UZUN-OMURLU-EKONOMIK-CINKOKARBON-9V-PIL-1.png 1600w, https:\/\/www.teksangroup.com\/info\/9-UZUN-OMURLU-EKONOMIK-CINKOKARBON-9V-PIL-1-300x239.png 300w, https:\/\/www.teksangroup.com\/info\/9-UZUN-OMURLU-EKONOMIK-CINKOKARBON-9V-PIL-1-1024x814.png 1024w, https:\/\/www.teksangroup.com\/info\/9-UZUN-OMURLU-EKONOMIK-CINKOKARBON-9V-PIL-1-768x611.png 768w, https:\/\/www.teksangroup.com\/info\/9-UZUN-OMURLU-EKONOMIK-CINKOKARBON-9V-PIL-1-1536x1221.png 1536w\" sizes=\"(max-width: 1600px) 100vw, 1600px\" \/><\/figure><div class=\"elementor-image-box-content\"><p class=\"elementor-image-box-description\">UZUN \u00d6M\u00dcRL\u00dc EKONOM\u0130K \u00c7\u0130NKOKARBON 9V P\u0130L<\/p><\/div><\/div>\t\t\t\t<\/div>\n\t\t\t\t<\/div>\n\t\t\t\t\t<\/div>\n\t\t<\/div>\n\t\t\t\t\t<\/div>\n\t\t<\/section>\n\t\t\t\t<\/div>","protected":false},"excerpt":{"rendered":"<p>UZUN \u00d6M\u00dcRL\u00dc EKONOM\u0130K 4&#8217;L\u00dc BLISTER ALKAL\u0130N KALEM P\u0130L UZUN \u00d6M\u00dcRL\u00dc EKONOM\u0130K 4&#8217;L\u00dc-BLISTER ALKAL\u0130N \u0130NCE P\u0130L UZUN \u00d6M\u00dcRL\u00dc EKONOM\u0130K 2&#8217;L\u0130 ORTA P\u0130L C SIZE BLISTER ALKAL\u0130N P\u0130L UZUN \u00d6M\u00dcRL\u00dc EKONOM\u0130K 2&#8217;L\u0130 B\u00dcY\u00dcK P\u0130L D SIZE BLISTER ALKAL\u0130N P\u0130L UZUN \u00d6M\u00dcRL\u00dc EKONOM\u0130K 1&#8217;L\u0130 9V BLISTER ALKAL\u0130N P\u0130L UZUN \u00d6M\u00dcRL\u00dc EKONOM\u0130K 4&#8217;L\u00dc ALKAL\u0130N SHRINK KALEM \u0130NCE P\u0130L UZUN &#8230; <a title=\"Batteries\" class=\"read-more\" href=\"https:\/\/www.teksangroup.com\/en\/piller\" aria-label=\"Read more about Piller\">Read more<\/a><\/p>","protected":false},"author":1,"featured_media":0,"parent":0,"menu_order":0,"comment_status":"closed","ping_status":"closed","template":"","meta":{"footnotes":""},"class_list":["post-170","page","type-page","status-publish"],"_links":{"self":[{"href":"https:\/\/www.teksangroup.com\/en\/wp-json\/wp\/v2\/pages\/170","targetHints":{"allow":["GET"]}}],"collection":[{"href":"https:\/\/www.teksangroup.com\/en\/wp-json\/wp\/v2\/pages"}],"about":[{"href":"https:\/\/www.teksangroup.com\/en\/wp-json\/wp\/v2\/types\/page"}],"author":[{"embeddable":true,"href":"https:\/\/www.teksangroup.com\/en\/wp-json\/wp\/v2\/users\/1"}],"replies":[{"embeddable":true,"href":"https:\/\/www.teksangroup.com\/en\/wp-json\/wp\/v2\/comments?post=170"}],"version-history":[{"count":19,"href":"https:\/\/www.teksangroup.com\/en\/wp-json\/wp\/v2\/pages\/170\/revisions"}],"predecessor-version":[{"id":378,"href":"https:\/\/www.teksangroup.com\/en\/wp-json\/wp\/v2\/pages\/170\/revisions\/378"}],"wp:attachment":[{"href":"https:\/\/www.teksangroup.com\/en\/wp-json\/wp\/v2\/media?parent=170"}],"curies":[{"name":"wp","href":"https:\/\/api.w.org\/{rel}","templated":true}]}}