{"id":21,"date":"2022-07-12T15:34:26","date_gmt":"2022-07-12T15:34:26","guid":{"rendered":"https:\/\/www.teksangroup.com\/?page_id=21"},"modified":"2022-11-03T15:32:40","modified_gmt":"2022-11-03T12:32:40","slug":"markalar-referanslar","status":"publish","type":"page","link":"https:\/\/www.teksangroup.com\/en\/markalar-referanslar","title":{"rendered":"Brands &amp; References"},"content":{"rendered":"<div data-elementor-type=\"wp-page\" data-elementor-id=\"21\" class=\"elementor elementor-21\" data-elementor-post-type=\"page\">\n\t\t\t\t\t\t<section class=\"elementor-section elementor-top-section elementor-element elementor-element-4c40611 elementor-section-full_width elementor-section-stretched elementor-hidden-desktop elementor-section-height-default elementor-section-height-default elementor-invisible\" data-id=\"4c40611\" data-element_type=\"section\" data-settings=\"{&quot;background_background&quot;:&quot;classic&quot;,&quot;animation&quot;:&quot;zoomIn&quot;,&quot;stretch_section&quot;:&quot;section-stretched&quot;}\">\n\t\t\t\t\t\t<div class=\"elementor-container elementor-column-gap-default\">\n\t\t\t\t\t<div class=\"elementor-column elementor-col-100 elementor-top-column elementor-element elementor-element-6ae3ea6\" data-id=\"6ae3ea6\" data-element_type=\"column\">\n\t\t\t<div class=\"elementor-widget-wrap elementor-element-populated\">\n\t\t\t\t\t\t<div class=\"elementor-element elementor-element-eb71b17 elementor-widget elementor-widget-text-editor\" data-id=\"eb71b17\" data-element_type=\"widget\" data-widget_type=\"text-editor.default\">\n\t\t\t\t<div class=\"elementor-widget-container\">\n\t\t\t\t\t\t\t\t\t<p>T\u00fcrkiyenin zincir marketlerine; Pil ve Ampul&#8217;de tek &#8220;\u00d6zel Markal\u0131 \u00dcr\u00fcn&#8221; tedari\u011fi yapan firmam\u0131z ve h\u0131zla b\u00fcy\u00fcyen markas\u0131;<\/p>\t\t\t\t\t\t\t\t<\/div>\n\t\t\t\t<\/div>\n\t\t\t\t<div class=\"elementor-element elementor-element-ce9221e elementor-widget elementor-widget-eael-fancy-text\" data-id=\"ce9221e\" data-element_type=\"widget\" data-widget_type=\"eael-fancy-text.default\">\n\t\t\t\t<div class=\"elementor-widget-container\">\n\t\t\t\t\t\n\t<div  class=\"eael-fancy-text-container style-1\" data-fancy-text-id=\"ce9221e\" data-fancy-text=\"|ORBUS\" data-fancy-text-transition-type=\"fadeInUp\" data-fancy-text-speed=\"\" data-fancy-text-delay=\"2500\" data-fancy-text-cursor=\"\" data-fancy-text-loop=\"yes\" data-fancy-text-action=\"page_load\" >\n\t\t\n\t\t\n\t\t\t\t\t<span id=\"eael-fancy-text-ce9221e\" class=\"eael-fancy-text-strings solid-color\">\n\t\t\t\t<noscript>\n\t\t\t\t\tORBUS\t\t\t\t<\/noscript>\n\t\t\t<\/span>\n\t\t\n\t\t\t<\/div><!-- close .eael-fancy-text-container -->\n\n\t<div class=\"clearfix\"><\/div>\n\n\t\t\t\t\t<\/div>\n\t\t\t\t<\/div>\n\t\t\t\t\t<\/div>\n\t\t<\/div>\n\t\t\t\t\t<\/div>\n\t\t<\/section>\n\t\t\t\t<section class=\"elementor-section elementor-top-section elementor-element elementor-element-ee48b7d elementor-hidden-tablet elementor-hidden-mobile elementor-section-boxed elementor-section-height-default elementor-section-height-default elementor-invisible\" data-id=\"ee48b7d\" data-element_type=\"section\" data-settings=\"{&quot;background_background&quot;:&quot;classic&quot;,&quot;animation&quot;:&quot;zoomIn&quot;}\">\n\t\t\t\t\t\t<div class=\"elementor-container elementor-column-gap-default\">\n\t\t\t\t\t<div class=\"elementor-column elementor-col-66 elementor-top-column elementor-element elementor-element-0bbdac4\" data-id=\"0bbdac4\" data-element_type=\"column\">\n\t\t\t<div class=\"elementor-widget-wrap elementor-element-populated\">\n\t\t\t\t\t\t\t<\/div>\n\t\t<\/div>\n\t\t\t\t<div class=\"elementor-column elementor-col-33 elementor-top-column elementor-element elementor-element-b496b89\" data-id=\"b496b89\" data-element_type=\"column\">\n\t\t\t<div class=\"elementor-widget-wrap elementor-element-populated\">\n\t\t\t\t\t\t<div class=\"elementor-element elementor-element-1c0cf4b elementor-widget elementor-widget-eael-fancy-text\" data-id=\"1c0cf4b\" data-element_type=\"widget\" data-widget_type=\"eael-fancy-text.default\">\n\t\t\t\t<div class=\"elementor-widget-container\">\n\t\t\t\t\t\n\t<div  class=\"eael-fancy-text-container style-1\" data-fancy-text-id=\"1c0cf4b\" data-fancy-text=\"|ORBUS\" data-fancy-text-transition-type=\"fadeInUp\" data-fancy-text-speed=\"\" data-fancy-text-delay=\"2500\" data-fancy-text-cursor=\"\" data-fancy-text-loop=\"yes\" data-fancy-text-action=\"page_load\" >\n\t\t\t\t\t<span class=\"eael-fancy-text-prefix\">T\u00fcrkiyenin zincir marketlerine; Pil ve Ampul'de tek \"\u00d6zel Markal\u0131 \u00dcr\u00fcn\" tedari\u011fi yapan firmam\u0131z ve h\u0131zla b\u00fcy\u00fcyen markas\u0131  <\/span>\n\t\t\n\t\t\n\t\t\t\t\t<span id=\"eael-fancy-text-1c0cf4b\" class=\"eael-fancy-text-strings solid-color\">\n\t\t\t\t<noscript>\n\t\t\t\t\tORBUS\t\t\t\t<\/noscript>\n\t\t\t<\/span>\n\t\t\n\t\t\t<\/div><!-- close .eael-fancy-text-container -->\n\n\t<div class=\"clearfix\"><\/div>\n\n\t\t\t\t\t<\/div>\n\t\t\t\t<\/div>\n\t\t\t\t\t<\/div>\n\t\t<\/div>\n\t\t\t\t\t<\/div>\n\t\t<\/section>\n\t\t\t\t<section class=\"elementor-section elementor-top-section elementor-element elementor-element-31dff8b elementor-section-boxed elementor-section-height-default elementor-section-height-default\" data-id=\"31dff8b\" data-element_type=\"section\">\n\t\t\t\t\t\t<div class=\"elementor-container elementor-column-gap-default\">\n\t\t\t\t\t<div class=\"elementor-column elementor-col-100 elementor-top-column elementor-element elementor-element-a0daff7\" data-id=\"a0daff7\" data-element_type=\"column\">\n\t\t\t<div class=\"elementor-widget-wrap elementor-element-populated\">\n\t\t\t\t\t\t<div class=\"elementor-element elementor-element-b1c7e00 elementor-widget elementor-widget-video\" data-id=\"b1c7e00\" data-element_type=\"widget\" data-settings=\"{&quot;video_type&quot;:&quot;hosted&quot;,&quot;controls&quot;:&quot;yes&quot;}\" data-widget_type=\"video.default\">\n\t\t\t\t<div class=\"elementor-widget-container\">\n\t\t\t\t\t\t\t<div class=\"e-hosted-video elementor-wrapper elementor-open-inline\">\n\t\t\t\t\t<video class=\"elementor-video\" src=\"https:\/\/www.teksangroup.com\/info\/teksan-manisaa.mp4\" controls=\"\" preload=\"metadata\" controlslist=\"nodownload\" poster=\"https:\/\/www.teksangroup.com\/info\/gfdhgdg.jpg\"><\/video>\n\t\t\t\t<\/div>\n\t\t\t\t\t\t<\/div>\n\t\t\t\t<\/div>\n\t\t\t\t\t<\/div>\n\t\t<\/div>\n\t\t\t\t\t<\/div>\n\t\t<\/section>\n\t\t\t\t<section class=\"elementor-section elementor-top-section elementor-element elementor-element-7146c21 elementor-section-content-middle elementor-section-boxed elementor-section-height-default elementor-section-height-default\" data-id=\"7146c21\" data-element_type=\"section\">\n\t\t\t\t\t\t<div class=\"elementor-container elementor-column-gap-default\">\n\t\t\t\t\t<div class=\"elementor-column elementor-col-16 elementor-top-column elementor-element elementor-element-49a5391\" data-id=\"49a5391\" data-element_type=\"column\">\n\t\t\t<div class=\"elementor-widget-wrap elementor-element-populated\">\n\t\t\t\t\t\t<div class=\"elementor-element elementor-element-684df0d elementor-widget elementor-widget-image\" data-id=\"684df0d\" data-element_type=\"widget\" data-widget_type=\"image.default\">\n\t\t\t\t<div class=\"elementor-widget-container\">\n\t\t\t\t\t\t\t\t\t\t\t\t\t\t\t<img fetchpriority=\"high\" decoding=\"async\" width=\"713\" height=\"548\" src=\"https:\/\/www.teksangroup.com\/info\/A101-1.png\" class=\"attachment-full size-full wp-image-320\" alt=\"\" srcset=\"https:\/\/www.teksangroup.com\/info\/A101-1.png 713w, https:\/\/www.teksangroup.com\/info\/A101-1-300x231.png 300w\" sizes=\"(max-width: 713px) 100vw, 713px\" \/>\t\t\t\t\t\t\t\t\t\t\t\t\t\t\t<\/div>\n\t\t\t\t<\/div>\n\t\t\t\t\t<\/div>\n\t\t<\/div>\n\t\t\t\t<div class=\"elementor-column elementor-col-16 elementor-top-column elementor-element elementor-element-9b45c12\" data-id=\"9b45c12\" data-element_type=\"column\">\n\t\t\t<div class=\"elementor-widget-wrap elementor-element-populated\">\n\t\t\t\t\t\t<div class=\"elementor-element elementor-element-347cfe3 elementor-widget elementor-widget-image\" data-id=\"347cfe3\" data-element_type=\"widget\" data-widget_type=\"image.default\">\n\t\t\t\t<div class=\"elementor-widget-container\">\n\t\t\t\t\t\t\t\t\t\t\t\t\t\t\t<img decoding=\"async\" width=\"1080\" height=\"413\" src=\"https:\/\/www.teksangroup.com\/info\/Migros-1.png\" class=\"attachment-full size-full wp-image-325\" alt=\"\" srcset=\"https:\/\/www.teksangroup.com\/info\/Migros-1.png 1080w, https:\/\/www.teksangroup.com\/info\/Migros-1-300x115.png 300w, https:\/\/www.teksangroup.com\/info\/Migros-1-1024x392.png 1024w, https:\/\/www.teksangroup.com\/info\/Migros-1-768x294.png 768w\" sizes=\"(max-width: 1080px) 100vw, 1080px\" \/>\t\t\t\t\t\t\t\t\t\t\t\t\t\t\t<\/div>\n\t\t\t\t<\/div>\n\t\t\t\t\t<\/div>\n\t\t<\/div>\n\t\t\t\t<div class=\"elementor-column elementor-col-16 elementor-top-column elementor-element elementor-element-9c53694\" data-id=\"9c53694\" data-element_type=\"column\">\n\t\t\t<div class=\"elementor-widget-wrap elementor-element-populated\">\n\t\t\t\t\t\t<div class=\"elementor-element elementor-element-fd9be46 elementor-widget elementor-widget-image\" data-id=\"fd9be46\" data-element_type=\"widget\" data-widget_type=\"image.default\">\n\t\t\t\t<div class=\"elementor-widget-container\">\n\t\t\t\t\t\t\t\t\t\t\t\t\t\t\t<img decoding=\"async\" width=\"713\" height=\"548\" src=\"https:\/\/www.teksangroup.com\/info\/Sok-1.png\" class=\"attachment-full size-full wp-image-329\" alt=\"\" srcset=\"https:\/\/www.teksangroup.com\/info\/Sok-1.png 713w, https:\/\/www.teksangroup.com\/info\/Sok-1-300x231.png 300w\" sizes=\"(max-width: 713px) 100vw, 713px\" \/>\t\t\t\t\t\t\t\t\t\t\t\t\t\t\t<\/div>\n\t\t\t\t<\/div>\n\t\t\t\t\t<\/div>\n\t\t<\/div>\n\t\t\t\t<div class=\"elementor-column elementor-col-16 elementor-top-column elementor-element elementor-element-d321a80\" data-id=\"d321a80\" data-element_type=\"column\">\n\t\t\t<div class=\"elementor-widget-wrap elementor-element-populated\">\n\t\t\t\t\t\t<div class=\"elementor-element elementor-element-467f198 elementor-widget elementor-widget-image\" data-id=\"467f198\" data-element_type=\"widget\" data-widget_type=\"image.default\">\n\t\t\t\t<div class=\"elementor-widget-container\">\n\t\t\t\t\t\t\t\t\t\t\t\t\t\t\t<img loading=\"lazy\" decoding=\"async\" width=\"824\" height=\"221\" src=\"https:\/\/www.teksangroup.com\/info\/Metro-1.png\" class=\"attachment-full size-full wp-image-324\" alt=\"\" srcset=\"https:\/\/www.teksangroup.com\/info\/Metro-1.png 824w, https:\/\/www.teksangroup.com\/info\/Metro-1-300x80.png 300w, https:\/\/www.teksangroup.com\/info\/Metro-1-768x206.png 768w\" sizes=\"(max-width: 824px) 100vw, 824px\" \/>\t\t\t\t\t\t\t\t\t\t\t\t\t\t\t<\/div>\n\t\t\t\t<\/div>\n\t\t\t\t\t<\/div>\n\t\t<\/div>\n\t\t\t\t<div class=\"elementor-column elementor-col-16 elementor-top-column elementor-element elementor-element-d511fd3\" data-id=\"d511fd3\" data-element_type=\"column\">\n\t\t\t<div class=\"elementor-widget-wrap elementor-element-populated\">\n\t\t\t\t\t\t<div class=\"elementor-element elementor-element-178e7c4 elementor-widget elementor-widget-image\" data-id=\"178e7c4\" data-element_type=\"widget\" data-widget_type=\"image.default\">\n\t\t\t\t<div class=\"elementor-widget-container\">\n\t\t\t\t\t\t\t\t\t\t\t\t\t\t\t<img loading=\"lazy\" decoding=\"async\" width=\"567\" height=\"548\" src=\"https:\/\/www.teksangroup.com\/info\/KOCTAS-1.png\" class=\"attachment-full size-full wp-image-323\" alt=\"\" srcset=\"https:\/\/www.teksangroup.com\/info\/KOCTAS-1.png 567w, https:\/\/www.teksangroup.com\/info\/KOCTAS-1-300x290.png 300w\" sizes=\"(max-width: 567px) 100vw, 567px\" \/>\t\t\t\t\t\t\t\t\t\t\t\t\t\t\t<\/div>\n\t\t\t\t<\/div>\n\t\t\t\t\t<\/div>\n\t\t<\/div>\n\t\t\t\t<div class=\"elementor-column elementor-col-16 elementor-top-column elementor-element elementor-element-4d9e4bf\" data-id=\"4d9e4bf\" data-element_type=\"column\">\n\t\t\t<div class=\"elementor-widget-wrap elementor-element-populated\">\n\t\t\t\t\t\t<div class=\"elementor-element elementor-element-8e76119 elementor-widget elementor-widget-image\" data-id=\"8e76119\" data-element_type=\"widget\" data-widget_type=\"image.default\">\n\t\t\t\t<div class=\"elementor-widget-container\">\n\t\t\t\t\t\t\t\t\t\t\t\t\t\t\t<img loading=\"lazy\" decoding=\"async\" width=\"713\" height=\"548\" src=\"https:\/\/www.teksangroup.com\/info\/OZDILEK-1.png\" class=\"attachment-full size-full wp-image-328\" alt=\"\" srcset=\"https:\/\/www.teksangroup.com\/info\/OZDILEK-1.png 713w, https:\/\/www.teksangroup.com\/info\/OZDILEK-1-300x231.png 300w\" sizes=\"(max-width: 713px) 100vw, 713px\" \/>\t\t\t\t\t\t\t\t\t\t\t\t\t\t\t<\/div>\n\t\t\t\t<\/div>\n\t\t\t\t\t<\/div>\n\t\t<\/div>\n\t\t\t\t\t<\/div>\n\t\t<\/section>\n\t\t\t\t<section class=\"elementor-section elementor-top-section elementor-element elementor-element-3a3cffc elementor-section-content-middle elementor-section-boxed elementor-section-height-default elementor-section-height-default\" data-id=\"3a3cffc\" data-element_type=\"section\">\n\t\t\t\t\t\t<div class=\"elementor-container elementor-column-gap-default\">\n\t\t\t\t\t<div class=\"elementor-column elementor-col-16 elementor-top-column elementor-element elementor-element-0ce54a9\" data-id=\"0ce54a9\" data-element_type=\"column\">\n\t\t\t<div class=\"elementor-widget-wrap elementor-element-populated\">\n\t\t\t\t\t\t<div class=\"elementor-element elementor-element-03419c3 elementor-widget elementor-widget-image\" data-id=\"03419c3\" data-element_type=\"widget\" data-widget_type=\"image.default\">\n\t\t\t\t<div class=\"elementor-widget-container\">\n\t\t\t\t\t\t\t\t\t\t\t\t\t\t\t<img loading=\"lazy\" decoding=\"async\" width=\"824\" height=\"221\" src=\"https:\/\/www.teksangroup.com\/info\/TESPO-1.png\" class=\"attachment-full size-full wp-image-319\" alt=\"\" srcset=\"https:\/\/www.teksangroup.com\/info\/TESPO-1.png 824w, https:\/\/www.teksangroup.com\/info\/TESPO-1-300x80.png 300w, https:\/\/www.teksangroup.com\/info\/TESPO-1-768x206.png 768w\" sizes=\"(max-width: 824px) 100vw, 824px\" \/>\t\t\t\t\t\t\t\t\t\t\t\t\t\t\t<\/div>\n\t\t\t\t<\/div>\n\t\t\t\t\t<\/div>\n\t\t<\/div>\n\t\t\t\t<div class=\"elementor-column elementor-col-16 elementor-top-column elementor-element elementor-element-52e5d29\" data-id=\"52e5d29\" data-element_type=\"column\">\n\t\t\t<div class=\"elementor-widget-wrap elementor-element-populated\">\n\t\t\t\t\t\t<div class=\"elementor-element elementor-element-2eca2aa elementor-widget elementor-widget-image\" data-id=\"2eca2aa\" data-element_type=\"widget\" data-widget_type=\"image.default\">\n\t\t\t\t<div class=\"elementor-widget-container\">\n\t\t\t\t\t\t\t\t\t\t\t\t\t\t\t<img loading=\"lazy\" decoding=\"async\" width=\"824\" height=\"221\" src=\"https:\/\/www.teksangroup.com\/info\/hakmar-1.png\" class=\"attachment-full size-full wp-image-322\" alt=\"\" srcset=\"https:\/\/www.teksangroup.com\/info\/hakmar-1.png 824w, https:\/\/www.teksangroup.com\/info\/hakmar-1-300x80.png 300w, https:\/\/www.teksangroup.com\/info\/hakmar-1-768x206.png 768w\" sizes=\"(max-width: 824px) 100vw, 824px\" \/>\t\t\t\t\t\t\t\t\t\t\t\t\t\t\t<\/div>\n\t\t\t\t<\/div>\n\t\t\t\t\t<\/div>\n\t\t<\/div>\n\t\t\t\t<div class=\"elementor-column elementor-col-16 elementor-top-column elementor-element elementor-element-9732809\" data-id=\"9732809\" data-element_type=\"column\">\n\t\t\t<div class=\"elementor-widget-wrap elementor-element-populated\">\n\t\t\t\t\t\t<div class=\"elementor-element elementor-element-99e55e4 elementor-widget elementor-widget-image\" data-id=\"99e55e4\" data-element_type=\"widget\" data-widget_type=\"image.default\">\n\t\t\t\t<div class=\"elementor-widget-container\">\n\t\t\t\t\t\t\t\t\t\t\t\t\t\t\t<img loading=\"lazy\" decoding=\"async\" width=\"824\" height=\"221\" src=\"https:\/\/www.teksangroup.com\/info\/ONUR-MARKET-1.png\" class=\"attachment-large size-large wp-image-326\" alt=\"\" srcset=\"https:\/\/www.teksangroup.com\/info\/ONUR-MARKET-1.png 824w, https:\/\/www.teksangroup.com\/info\/ONUR-MARKET-1-300x80.png 300w, https:\/\/www.teksangroup.com\/info\/ONUR-MARKET-1-768x206.png 768w\" sizes=\"(max-width: 824px) 100vw, 824px\" \/>\t\t\t\t\t\t\t\t\t\t\t\t\t\t\t<\/div>\n\t\t\t\t<\/div>\n\t\t\t\t\t<\/div>\n\t\t<\/div>\n\t\t\t\t<div class=\"elementor-column elementor-col-16 elementor-top-column elementor-element elementor-element-31ab54c\" data-id=\"31ab54c\" data-element_type=\"column\">\n\t\t\t<div class=\"elementor-widget-wrap elementor-element-populated\">\n\t\t\t\t\t\t<div class=\"elementor-element elementor-element-8b80732 elementor-widget elementor-widget-image\" data-id=\"8b80732\" data-element_type=\"widget\" data-widget_type=\"image.default\">\n\t\t\t\t<div class=\"elementor-widget-container\">\n\t\t\t\t\t\t\t\t\t\t\t\t\t\t\t<img loading=\"lazy\" decoding=\"async\" width=\"713\" height=\"548\" src=\"https:\/\/www.teksangroup.com\/info\/Seyhanlar.png\" class=\"attachment-full size-full wp-image-691\" alt=\"\" srcset=\"https:\/\/www.teksangroup.com\/info\/Seyhanlar.png 713w, https:\/\/www.teksangroup.com\/info\/Seyhanlar-300x231.png 300w, https:\/\/www.teksangroup.com\/info\/Seyhanlar-16x12.png 16w\" sizes=\"(max-width: 713px) 100vw, 713px\" \/>\t\t\t\t\t\t\t\t\t\t\t\t\t\t\t<\/div>\n\t\t\t\t<\/div>\n\t\t\t\t\t<\/div>\n\t\t<\/div>\n\t\t\t\t<div class=\"elementor-column elementor-col-16 elementor-top-column elementor-element elementor-element-792b6fd\" data-id=\"792b6fd\" data-element_type=\"column\">\n\t\t\t<div class=\"elementor-widget-wrap elementor-element-populated\">\n\t\t\t\t\t\t<div class=\"elementor-element elementor-element-eeb223e elementor-widget elementor-widget-image\" data-id=\"eeb223e\" data-element_type=\"widget\" data-widget_type=\"image.default\">\n\t\t\t\t<div class=\"elementor-widget-container\">\n\t\t\t\t\t\t\t\t\t\t\t\t\t\t\t<img loading=\"lazy\" decoding=\"async\" width=\"713\" height=\"243\" src=\"https:\/\/www.teksangroup.com\/info\/mars-madencilik.png\" class=\"attachment-full size-full wp-image-690\" alt=\"\" srcset=\"https:\/\/www.teksangroup.com\/info\/mars-madencilik.png 713w, https:\/\/www.teksangroup.com\/info\/mars-madencilik-300x102.png 300w, https:\/\/www.teksangroup.com\/info\/mars-madencilik-18x6.png 18w\" sizes=\"(max-width: 713px) 100vw, 713px\" \/>\t\t\t\t\t\t\t\t\t\t\t\t\t\t\t<\/div>\n\t\t\t\t<\/div>\n\t\t\t\t\t<\/div>\n\t\t<\/div>\n\t\t\t\t<div class=\"elementor-column elementor-col-16 elementor-top-column elementor-element elementor-element-0c592b2\" data-id=\"0c592b2\" data-element_type=\"column\">\n\t\t\t<div class=\"elementor-widget-wrap elementor-element-populated\">\n\t\t\t\t\t\t<div class=\"elementor-element elementor-element-623b6ed elementor-widget elementor-widget-image\" data-id=\"623b6ed\" data-element_type=\"widget\" data-widget_type=\"image.default\">\n\t\t\t\t<div class=\"elementor-widget-container\">\n\t\t\t\t\t\t\t\t\t\t\t\t\t\t\t<img loading=\"lazy\" decoding=\"async\" width=\"605\" height=\"235\" src=\"https:\/\/www.teksangroup.com\/info\/egeden.png\" class=\"attachment-full size-full wp-image-692\" alt=\"\" srcset=\"https:\/\/www.teksangroup.com\/info\/egeden.png 605w, https:\/\/www.teksangroup.com\/info\/egeden-300x117.png 300w, https:\/\/www.teksangroup.com\/info\/egeden-18x7.png 18w\" sizes=\"(max-width: 605px) 100vw, 605px\" \/>\t\t\t\t\t\t\t\t\t\t\t\t\t\t\t<\/div>\n\t\t\t\t<\/div>\n\t\t\t\t\t<\/div>\n\t\t<\/div>\n\t\t\t\t\t<\/div>\n\t\t<\/section>\n\t\t\t\t<section class=\"elementor-section elementor-top-section elementor-element elementor-element-0a0fe2c elementor-section-boxed elementor-section-height-default elementor-section-height-default\" data-id=\"0a0fe2c\" data-element_type=\"section\">\n\t\t\t\t\t\t<div class=\"elementor-container elementor-column-gap-default\">\n\t\t\t\t\t<div class=\"elementor-column elementor-col-20 elementor-top-column elementor-element elementor-element-ce95279\" data-id=\"ce95279\" data-element_type=\"column\">\n\t\t\t<div class=\"elementor-widget-wrap\">\n\t\t\t\t\t\t\t<\/div>\n\t\t<\/div>\n\t\t\t\t<div class=\"elementor-column elementor-col-20 elementor-top-column elementor-element elementor-element-376155e\" data-id=\"376155e\" data-element_type=\"column\">\n\t\t\t<div class=\"elementor-widget-wrap\">\n\t\t\t\t\t\t\t<\/div>\n\t\t<\/div>\n\t\t\t\t<div class=\"elementor-column elementor-col-20 elementor-top-column elementor-element elementor-element-6ad2e12\" data-id=\"6ad2e12\" data-element_type=\"column\">\n\t\t\t<div class=\"elementor-widget-wrap elementor-element-populated\">\n\t\t\t\t\t\t<div class=\"elementor-element elementor-element-40ce665 elementor-invisible elementor-widget elementor-widget-image\" data-id=\"40ce665\" data-element_type=\"widget\" data-settings=\"{&quot;_animation&quot;:&quot;fadeInDown&quot;}\" data-widget_type=\"image.default\">\n\t\t\t\t<div class=\"elementor-widget-container\">\n\t\t\t\t\t\t\t\t\t\t\t\t\t\t\t<img loading=\"lazy\" decoding=\"async\" width=\"567\" height=\"283\" src=\"https:\/\/www.teksangroup.com\/info\/ORBUS-2.png\" class=\"attachment-full size-full wp-image-327\" alt=\"\" srcset=\"https:\/\/www.teksangroup.com\/info\/ORBUS-2.png 567w, https:\/\/www.teksangroup.com\/info\/ORBUS-2-300x150.png 300w\" sizes=\"(max-width: 567px) 100vw, 567px\" \/>\t\t\t\t\t\t\t\t\t\t\t\t\t\t\t<\/div>\n\t\t\t\t<\/div>\n\t\t\t\t\t<\/div>\n\t\t<\/div>\n\t\t\t\t<div class=\"elementor-column elementor-col-20 elementor-top-column elementor-element elementor-element-a3e8dbf\" data-id=\"a3e8dbf\" data-element_type=\"column\">\n\t\t\t<div class=\"elementor-widget-wrap\">\n\t\t\t\t\t\t\t<\/div>\n\t\t<\/div>\n\t\t\t\t<div class=\"elementor-column elementor-col-20 elementor-top-column elementor-element elementor-element-8e0ef08\" data-id=\"8e0ef08\" data-element_type=\"column\">\n\t\t\t<div class=\"elementor-widget-wrap\">\n\t\t\t\t\t\t\t<\/div>\n\t\t<\/div>\n\t\t\t\t\t<\/div>\n\t\t<\/section>\n\t\t\t\t<\/div>","protected":false},"excerpt":{"rendered":"<p>T\u00fcrkiyenin zincir marketlerine; Pil ve Ampul&#8217;de tek &#8220;\u00d6zel Markal\u0131 \u00dcr\u00fcn&#8221; tedari\u011fi yapan firmam\u0131z ve h\u0131zla b\u00fcy\u00fcyen markas\u0131; ORBUS T\u00fcrkiyenin zincir marketlerine; Pil ve Ampul&#8217;de tek &#8220;\u00d6zel Markal\u0131 \u00dcr\u00fcn&#8221; tedari\u011fi yapan firmam\u0131z ve h\u0131zla b\u00fcy\u00fcyen markas\u0131 ORBUS https:\/\/www.teksangroup.com\/info\/teksan-manisaa.mp4<\/p>","protected":false},"author":1,"featured_media":0,"parent":0,"menu_order":0,"comment_status":"closed","ping_status":"closed","template":"","meta":{"footnotes":""},"class_list":["post-21","page","type-page","status-publish"],"_links":{"self":[{"href":"https:\/\/www.teksangroup.com\/en\/wp-json\/wp\/v2\/pages\/21","targetHints":{"allow":["GET"]}}],"collection":[{"href":"https:\/\/www.teksangroup.com\/en\/wp-json\/wp\/v2\/pages"}],"about":[{"href":"https:\/\/www.teksangroup.com\/en\/wp-json\/wp\/v2\/types\/page"}],"author":[{"embeddable":true,"href":"https:\/\/www.teksangroup.com\/en\/wp-json\/wp\/v2\/users\/1"}],"replies":[{"embeddable":true,"href":"https:\/\/www.teksangroup.com\/en\/wp-json\/wp\/v2\/comments?post=21"}],"version-history":[{"count":31,"href":"https:\/\/www.teksangroup.com\/en\/wp-json\/wp\/v2\/pages\/21\/revisions"}],"predecessor-version":[{"id":1008,"href":"https:\/\/www.teksangroup.com\/en\/wp-json\/wp\/v2\/pages\/21\/revisions\/1008"}],"wp:attachment":[{"href":"https:\/\/www.teksangroup.com\/en\/wp-json\/wp\/v2\/media?parent=21"}],"curies":[{"name":"wp","href":"https:\/\/api.w.org\/{rel}","templated":true}]}}